{"id":355,"date":"2021-04-20T14:40:14","date_gmt":"2021-04-20T12:40:14","guid":{"rendered":"http:\/\/fitness2.mythemecloud.io\/?page_id=355"},"modified":"2023-07-26T14:56:17","modified_gmt":"2023-07-26T12:56:17","slug":"home","status":"publish","type":"page","link":"https:\/\/alpha-omegaonline.fr\/el\/","title":{"rendered":"\u039a\u03c1\u03ae\u03c4\u03b7, \u0395\u03bb\u03bb\u03ac\u03b4\u03b1"},"content":{"rendered":"\t\t<div data-elementor-type=\"wp-page\" data-elementor-id=\"355\" class=\"elementor elementor-355\">\n\t\t\t\t\t\t<section class=\"elementor-section elementor-top-section elementor-element elementor-element-arduvcg elementor-section-boxed elementor-section-height-default elementor-section-height-default\" data-id=\"arduvcg\" data-element_type=\"section\" data-settings=\"{&quot;background_background&quot;:&quot;slideshow&quot;,&quot;background_slideshow_gallery&quot;:[{&quot;id&quot;:21924,&quot;url&quot;:&quot;https:\\\/\\\/alpha-omegaonline.fr\\\/wp-content\\\/uploads\\\/2023\\\/07\\\/Crete_Chania_Harbour.jpg&quot;},{&quot;id&quot;:21925,&quot;url&quot;:&quot;https:\\\/\\\/alpha-omegaonline.fr\\\/wp-content\\\/uploads\\\/2023\\\/07\\\/navagio-zakynthos-grece.jpg&quot;},{&quot;id&quot;:21926,&quot;url&quot;:&quot;https:\\\/\\\/alpha-omegaonline.fr\\\/wp-content\\\/uploads\\\/2023\\\/07\\\/acropole.jpg&quot;},{&quot;id&quot;:21927,&quot;url&quot;:&quot;https:\\\/\\\/alpha-omegaonline.fr\\\/wp-content\\\/uploads\\\/2023\\\/07\\\/santorini.jpg&quot;}],&quot;background_slideshow_transition_duration&quot;:2000,&quot;background_slideshow_ken_burns&quot;:&quot;yes&quot;,&quot;background_slideshow_slide_duration&quot;:4000,&quot;background_slideshow_slide_transition&quot;:&quot;fade&quot;,&quot;background_slideshow_ken_burns_zoom_direction&quot;:&quot;in&quot;}\">\n\t\t\t\t\t\t\t<div class=\"elementor-background-overlay\"><\/div>\n\t\t\t\t\t\t\t<div class=\"elementor-container elementor-column-gap-default\">\n\t\t\t\t\t<div class=\"elementor-column elementor-col-50 elementor-top-column elementor-element elementor-element-trebdfi\" data-id=\"trebdfi\" data-element_type=\"column\">\n\t\t\t<div class=\"elementor-widget-wrap elementor-element-populated\">\n\t\t\t\t\t\t\t<\/div>\n\t\t<\/div>\n\t\t\t\t<div class=\"elementor-column elementor-col-50 elementor-top-column elementor-element elementor-element-mcwoycn\" data-id=\"mcwoycn\" data-element_type=\"column\">\n\t\t\t<div class=\"elementor-widget-wrap elementor-element-populated\">\n\t\t\t\t\t\t<div class=\"elementor-element elementor-element-jmkaurx animated-slow elementor-invisible elementor-widget elementor-widget-heading\" data-id=\"jmkaurx\" data-element_type=\"widget\" data-settings=\"{&quot;_animation&quot;:&quot;zoomIn&quot;}\" data-widget_type=\"heading.default\">\n\t\t\t\t<div class=\"elementor-widget-container\">\n\t\t\t\t\t<h2 class=\"elementor-heading-title elementor-size-default\">La Cr\u00e8te et la Gr\u00e8ce<\/h2>\t\t\t\t<\/div>\n\t\t\t\t<\/div>\n\t\t\t\t<section class=\"elementor-section elementor-inner-section elementor-element elementor-element-a7e3f2d elementor-section-boxed elementor-section-height-default elementor-section-height-default\" data-id=\"a7e3f2d\" data-element_type=\"section\">\n\t\t\t\t\t\t<div class=\"elementor-container elementor-column-gap-default\">\n\t\t\t\t\t<div class=\"elementor-column elementor-col-100 elementor-inner-column elementor-element elementor-element-b725d13\" data-id=\"b725d13\" data-element_type=\"column\">\n\t\t\t<div class=\"elementor-widget-wrap elementor-element-populated\">\n\t\t\t\t\t\t<div class=\"elementor-element elementor-element-81fb80f elementor-invisible elementor-widget elementor-widget-text-editor\" data-id=\"81fb80f\" data-element_type=\"widget\" data-settings=\"{&quot;_animation&quot;:&quot;zoomIn&quot;}\" data-widget_type=\"text-editor.default\">\n\t\t\t\t<div class=\"elementor-widget-container\">\n\t\t\t\t\t\t\t\t\t<p>Tout un r\u00eave!<\/p>\t\t\t\t\t\t\t\t<\/div>\n\t\t\t\t<\/div>\n\t\t\t\t\t<\/div>\n\t\t<\/div>\n\t\t\t\t\t<\/div>\n\t\t<\/section>\n\t\t\t\t<div class=\"elementor-element elementor-element-fezgkzy elementor-widget elementor-widget-text-editor\" data-id=\"fezgkzy\" data-element_type=\"widget\" data-widget_type=\"text-editor.default\">\n\t\t\t\t<div class=\"elementor-widget-container\">\n\t\t\t\t\t\t\t\t\t<p>Louez une voiture, et parcourez le pays<\/p>\t\t\t\t\t\t\t\t<\/div>\n\t\t\t\t<\/div>\n\t\t\t\t\t<\/div>\n\t\t<\/div>\n\t\t\t\t\t<\/div>\n\t\t<\/section>\n\t\t\t\t<section class=\"elementor-section elementor-top-section elementor-element elementor-element-vnynvjk elementor-section-boxed elementor-section-height-default elementor-section-height-default\" data-id=\"vnynvjk\" data-element_type=\"section\">\n\t\t\t\t\t\t<div class=\"elementor-container elementor-column-gap-default\">\n\t\t\t\t\t<div class=\"elementor-column elementor-col-100 elementor-top-column elementor-element elementor-element-pjfmwov\" data-id=\"pjfmwov\" data-element_type=\"column\">\n\t\t\t<div class=\"elementor-widget-wrap elementor-element-populated\">\n\t\t\t\t\t\t<div class=\"elementor-element elementor-element-wzrxkkb elementor-widget elementor-widget-heading\" data-id=\"wzrxkkb\" data-element_type=\"widget\" data-widget_type=\"heading.default\">\n\t\t\t\t<div class=\"elementor-widget-container\">\n\t\t\t\t\t<h2 class=\"elementor-heading-title elementor-size-default\">\u039a\u03b1\u03bb\u03b7\u03bc\u03ad\u03c1\u03b1 !<\/h2>\t\t\t\t<\/div>\n\t\t\t\t<\/div>\n\t\t\t\t<div class=\"elementor-element elementor-element-cc336e2 elementor-widget elementor-widget-heading\" data-id=\"cc336e2\" data-element_type=\"widget\" data-widget_type=\"heading.default\">\n\t\t\t\t<div class=\"elementor-widget-container\">\n\t\t\t\t\t<h2 class=\"elementor-heading-title elementor-size-default\">Bonjour !<\/h2>\t\t\t\t<\/div>\n\t\t\t\t<\/div>\n\t\t\t\t<div class=\"elementor-element elementor-element-b9da40d elementor-widget elementor-widget-heading\" data-id=\"b9da40d\" data-element_type=\"widget\" data-widget_type=\"heading.default\">\n\t\t\t\t<div class=\"elementor-widget-container\">\n\t\t\t\t\t<h2 class=\"elementor-heading-title elementor-size-default\">Welcome !<\/h2>\t\t\t\t<\/div>\n\t\t\t\t<\/div>\n\t\t\t\t<div class=\"elementor-element elementor-element-vufcitf elementor-widget-divider--view-line elementor-widget elementor-widget-divider\" data-id=\"vufcitf\" data-element_type=\"widget\" data-widget_type=\"divider.default\">\n\t\t\t\t<div class=\"elementor-widget-container\">\n\t\t\t\t\t\t\t<div class=\"elementor-divider\">\n\t\t\t<span class=\"elementor-divider-separator\">\n\t\t\t\t\t\t<\/span>\n\t\t<\/div>\n\t\t\t\t\t\t<\/div>\n\t\t\t\t<\/div>\n\t\t\t\t\t<\/div>\n\t\t<\/div>\n\t\t\t\t\t<\/div>\n\t\t<\/section>\n\t\t\t\t<section class=\"elementor-section elementor-top-section elementor-element elementor-element-63fb852 elementor-section-boxed elementor-section-height-default elementor-section-height-default\" data-id=\"63fb852\" data-element_type=\"section\">\n\t\t\t\t\t\t<div class=\"elementor-container elementor-column-gap-default\">\n\t\t\t\t\t<div class=\"elementor-column elementor-col-100 elementor-top-column elementor-element elementor-element-80ddcfb\" data-id=\"80ddcfb\" data-element_type=\"column\">\n\t\t\t<div class=\"elementor-widget-wrap elementor-element-populated\">\n\t\t\t\t\t\t<div class=\"elementor-element elementor-element-9c48daf elementor-widget-divider--view-line_icon elementor-view-default elementor-widget-divider--element-align-center elementor-widget elementor-widget-divider\" data-id=\"9c48daf\" data-element_type=\"widget\" data-widget_type=\"divider.default\">\n\t\t\t\t<div class=\"elementor-widget-container\">\n\t\t\t\t\t\t\t<div class=\"elementor-divider\">\n\t\t\t<span class=\"elementor-divider-separator\">\n\t\t\t\t\t\t\t<div class=\"elementor-icon elementor-divider__element\">\n\t\t\t\t\t<svg aria-hidden=\"true\" class=\"e-font-icon-svg e-fas-star\" viewBox=\"0 0 576 512\" xmlns=\"http:\/\/www.w3.org\/2000\/svg\"><path d=\"M259.3 17.8L194 150.2 47.9 171.5c-26.2 3.8-36.7 36.1-17.7 54.6l105.7 103-25 145.5c-4.5 26.3 23.2 46 46.4 33.7L288 439.6l130.7 68.7c23.2 12.2 50.9-7.4 46.4-33.7l-25-145.5 105.7-103c19-18.5 8.5-50.8-17.7-54.6L382 150.2 316.7 17.8c-11.7-23.6-45.6-23.9-57.4 0z\"><\/path><\/svg><\/div>\n\t\t\t\t\t\t<\/span>\n\t\t<\/div>\n\t\t\t\t\t\t<\/div>\n\t\t\t\t<\/div>\n\t\t\t\t\t<\/div>\n\t\t<\/div>\n\t\t\t\t\t<\/div>\n\t\t<\/section>\n\t\t\t\t<section class=\"elementor-section elementor-top-section elementor-element elementor-element-2a11649 elementor-section-boxed elementor-section-height-default elementor-section-height-default\" data-id=\"2a11649\" data-element_type=\"section\">\n\t\t\t\t\t\t<div class=\"elementor-container elementor-column-gap-default\">\n\t\t\t\t\t<div class=\"elementor-column elementor-col-100 elementor-top-column elementor-element elementor-element-f5d29ea\" data-id=\"f5d29ea\" data-element_type=\"column\">\n\t\t\t<div class=\"elementor-widget-wrap\">\n\t\t\t\t\t\t\t<\/div>\n\t\t<\/div>\n\t\t\t\t\t<\/div>\n\t\t<\/section>\n\t\t\t\t<section class=\"elementor-section elementor-top-section elementor-element elementor-element-861a1f7 elementor-section-boxed elementor-section-height-default elementor-section-height-default\" data-id=\"861a1f7\" data-element_type=\"section\">\n\t\t\t\t\t\t<div class=\"elementor-container elementor-column-gap-default\">\n\t\t\t\t\t<div class=\"elementor-column elementor-col-100 elementor-top-column elementor-element elementor-element-507e443\" data-id=\"507e443\" data-element_type=\"column\">\n\t\t\t<div class=\"elementor-widget-wrap\">\n\t\t\t\t\t\t\t<\/div>\n\t\t<\/div>\n\t\t\t\t\t<\/div>\n\t\t<\/section>\n\t\t\t\t<\/div>\n\t\t","protected":false},"excerpt":{"rendered":"<p>La Cr\u00e8te et la Gr\u00e8ce Tout un r\u00eave! Louez une voiture, et parcourez le pays \u039a\u03b1\u03bb\u03b7\u03bc\u03ad\u03c1\u03b1 ! Bonjour ! Welcome !<\/p>","protected":false},"author":1,"featured_media":0,"parent":0,"menu_order":0,"comment_status":"closed","ping_status":"closed","template":"elementor_header_footer","meta":{"ocean_post_layout":"full-screen","ocean_both_sidebars_style":"","ocean_both_sidebars_content_width":0,"ocean_both_sidebars_sidebars_width":0,"ocean_sidebar":"0","ocean_second_sidebar":"0","ocean_disable_margins":"on","ocean_add_body_class":"","ocean_shortcode_before_top_bar":"","ocean_shortcode_after_top_bar":"","ocean_shortcode_before_header":"","ocean_shortcode_after_header":"","ocean_has_shortcode":"","ocean_shortcode_after_title":"","ocean_shortcode_before_footer_widgets":"","ocean_shortcode_after_footer_widgets":"","ocean_shortcode_before_footer_bottom":"","ocean_shortcode_after_footer_bottom":"","ocean_display_top_bar":"on","ocean_display_header":"default","ocean_header_style":"","ocean_center_header_left_menu":"0","ocean_custom_header_template":"0","ocean_custom_logo":0,"ocean_custom_retina_logo":0,"ocean_custom_logo_max_width":0,"ocean_custom_logo_tablet_max_width":0,"ocean_custom_logo_mobile_max_width":0,"ocean_custom_logo_max_height":0,"ocean_custom_logo_tablet_max_height":0,"ocean_custom_logo_mobile_max_height":0,"ocean_header_custom_menu":"0","ocean_menu_typo_font_family":"0","ocean_menu_typo_font_subset":"","ocean_menu_typo_font_size":0,"ocean_menu_typo_font_size_tablet":0,"ocean_menu_typo_font_size_mobile":0,"ocean_menu_typo_font_size_unit":"px","ocean_menu_typo_font_weight":"","ocean_menu_typo_font_weight_tablet":"","ocean_menu_typo_font_weight_mobile":"","ocean_menu_typo_transform":"","ocean_menu_typo_transform_tablet":"","ocean_menu_typo_transform_mobile":"","ocean_menu_typo_line_height":0,"ocean_menu_typo_line_height_tablet":0,"ocean_menu_typo_line_height_mobile":0,"ocean_menu_typo_line_height_unit":"","ocean_menu_typo_spacing":0,"ocean_menu_typo_spacing_tablet":0,"ocean_menu_typo_spacing_mobile":0,"ocean_menu_typo_spacing_unit":"","ocean_menu_link_color":"","ocean_menu_link_color_hover":"","ocean_menu_link_color_active":"","ocean_menu_link_background":"","ocean_menu_link_hover_background":"","ocean_menu_link_active_background":"","ocean_menu_social_links_bg":"","ocean_menu_social_hover_links_bg":"","ocean_menu_social_links_color":"","ocean_menu_social_hover_links_color":"","ocean_disable_title":"on","ocean_disable_heading":"default","ocean_post_title":"","ocean_post_subheading":"","ocean_post_title_style":"","ocean_post_title_background_color":"","ocean_post_title_background":0,"ocean_post_title_bg_image_position":"","ocean_post_title_bg_image_attachment":"","ocean_post_title_bg_image_repeat":"","ocean_post_title_bg_image_size":"","ocean_post_title_height":0,"ocean_post_title_bg_overlay":0.5,"ocean_post_title_bg_overlay_color":"","ocean_disable_breadcrumbs":"off","ocean_breadcrumbs_color":"","ocean_breadcrumbs_separator_color":"","ocean_breadcrumbs_links_color":"","ocean_breadcrumbs_links_hover_color":"","ocean_display_footer_widgets":"on","ocean_display_footer_bottom":"off","ocean_custom_footer_template":"0","footnotes":""},"yoast_head":"<!-- This site is optimized with the Yoast SEO plugin v22.3 - https:\/\/yoast.com\/wordpress\/plugins\/seo\/ -->\n<title>Cr\u00e8te, Gr\u00e8ce - Alpha &amp; Omega<\/title>\n<meta name=\"description\" content=\"La Cr\u00e8te et la Gr\u00e8ce. Vacances, tourisme, location de voitures. Carte de Gr\u00e8ce et de Cr\u00e8te. Louer une voiture et visiter Ath\u00e8nes et les \u00eeles\" \/>\n<meta name=\"robots\" content=\"index, follow, max-snippet:-1, max-image-preview:large, max-video-preview:-1\" \/>\n<link rel=\"canonical\" href=\"https:\/\/alpha-omegaonline.fr\/el\/\" \/>\n<meta property=\"og:locale\" content=\"el_GR\" \/>\n<meta property=\"og:type\" content=\"article\" \/>\n<meta property=\"og:title\" content=\"Cr\u00e8te, Gr\u00e8ce - Alpha &amp; Omega\" \/>\n<meta property=\"og:description\" content=\"La Cr\u00e8te et la Gr\u00e8ce. Vacances, tourisme, location de voitures. Carte de Gr\u00e8ce et de Cr\u00e8te. Louer une voiture et visiter Ath\u00e8nes et les \u00eeles\" \/>\n<meta property=\"og:url\" content=\"https:\/\/alpha-omegaonline.fr\/el\/\" \/>\n<meta property=\"og:site_name\" content=\"Alpha &amp; Omega\" \/>\n<meta property=\"article:publisher\" content=\"https:\/\/www.facebook.com\/cretegrece\/\" \/>\n<meta property=\"article:modified_time\" content=\"2023-07-26T12:56:17+00:00\" \/>\n<meta name=\"twitter:card\" content=\"summary_large_image\" \/>\n<meta name=\"twitter:site\" content=\"@grececrete\" \/>\n<meta name=\"twitter:label1\" content=\"\u0395\u03ba\u03c4\u03b9\u03bc\u03ce\u03bc\u03b5\u03bd\u03bf\u03c2 \u03c7\u03c1\u03cc\u03bd\u03bf\u03c2 \u03b1\u03bd\u03ac\u03b3\u03bd\u03c9\u03c3\u03b7\u03c2\" \/>\n\t<meta name=\"twitter:data1\" content=\"1 \u03bb\u03b5\u03c0\u03c4\u03cc\" \/>\n<script type=\"application\/ld+json\" class=\"yoast-schema-graph\">{\"@context\":\"https:\/\/schema.org\",\"@graph\":[{\"@type\":\"WebPage\",\"@id\":\"https:\/\/alpha-omegaonline.fr\/\",\"url\":\"https:\/\/alpha-omegaonline.fr\/\",\"name\":\"Cr\u00e8te, Gr\u00e8ce - Alpha &amp; Omega\",\"isPartOf\":{\"@id\":\"https:\/\/alpha-omegaonline.fr\/#website\"},\"datePublished\":\"2021-04-20T12:40:14+00:00\",\"dateModified\":\"2023-07-26T12:56:17+00:00\",\"description\":\"La Cr\u00e8te et la Gr\u00e8ce. Vacances, tourisme, location de voitures. Carte de Gr\u00e8ce et de Cr\u00e8te. Louer une voiture et visiter Ath\u00e8nes et les \u00eeles\",\"breadcrumb\":{\"@id\":\"https:\/\/alpha-omegaonline.fr\/#breadcrumb\"},\"inLanguage\":\"el\",\"potentialAction\":[{\"@type\":\"ReadAction\",\"target\":[\"https:\/\/alpha-omegaonline.fr\/\"]}]},{\"@type\":\"BreadcrumbList\",\"@id\":\"https:\/\/alpha-omegaonline.fr\/#breadcrumb\",\"itemListElement\":[{\"@type\":\"ListItem\",\"position\":1,\"name\":\"Accueil\",\"item\":\"https:\/\/alpha-omegaonline.fr\/\"},{\"@type\":\"ListItem\",\"position\":2,\"name\":\"Cr\u00e8te, Gr\u00e8ce\"}]},{\"@type\":\"WebSite\",\"@id\":\"https:\/\/alpha-omegaonline.fr\/#website\",\"url\":\"https:\/\/alpha-omegaonline.fr\/\",\"name\":\"Alpha &amp; Omega\",\"description\":\"Locations en Cr\u00e8te et Gr\u00e8ce. R\u00e9alisez votre r\u00eave !\",\"publisher\":{\"@id\":\"https:\/\/alpha-omegaonline.fr\/#organization\"},\"potentialAction\":[{\"@type\":\"SearchAction\",\"target\":{\"@type\":\"EntryPoint\",\"urlTemplate\":\"https:\/\/alpha-omegaonline.fr\/?s={search_term_string}\"},\"query-input\":\"required name=search_term_string\"}],\"inLanguage\":\"el\"},{\"@type\":\"Organization\",\"@id\":\"https:\/\/alpha-omegaonline.fr\/#organization\",\"name\":\"Alpha & Omega\",\"url\":\"https:\/\/alpha-omegaonline.fr\/\",\"logo\":{\"@type\":\"ImageObject\",\"inLanguage\":\"el\",\"@id\":\"https:\/\/alpha-omegaonline.fr\/#\/schema\/logo\/image\/\",\"url\":\"https:\/\/alpha-omegaonline.fr\/wp-content\/uploads\/2023\/07\/cropped-favicon-alpha-omega.bmp\",\"contentUrl\":\"https:\/\/alpha-omegaonline.fr\/wp-content\/uploads\/2023\/07\/cropped-favicon-alpha-omega.bmp\",\"width\":512,\"height\":512,\"caption\":\"Alpha & Omega\"},\"image\":{\"@id\":\"https:\/\/alpha-omegaonline.fr\/#\/schema\/logo\/image\/\"},\"sameAs\":[\"https:\/\/www.facebook.com\/cretegrece\/\",\"https:\/\/twitter.com\/grececrete\"]}]}<\/script>\n<!-- \/ Yoast SEO plugin. -->","yoast_head_json":{"title":"Crete, Greece - Alpha &amp; Omega","description":"\u039a\u03c1\u03ae\u03c4\u03b7 \u03ba\u03b1\u03b9 \u0395\u03bb\u03bb\u03ac\u03b4\u03b1. \u0394\u03b9\u03b1\u03ba\u03bf\u03c0\u03ad\u03c2, \u03c4\u03bf\u03c5\u03c1\u03b9\u03c3\u03bc\u03cc\u03c2, \u03b5\u03bd\u03bf\u03b9\u03ba\u03af\u03b1\u03c3\u03b7 \u03b1\u03c5\u03c4\u03bf\u03ba\u03b9\u03bd\u03ae\u03c4\u03c9\u03bd. \u03a7\u03ac\u03c1\u03c4\u03b7\u03c2 \u03c4\u03b7\u03c2 \u0395\u03bb\u03bb\u03ac\u03b4\u03b1\u03c2 \u03ba\u03b1\u03b9 \u03c4\u03b7\u03c2 \u039a\u03c1\u03ae\u03c4\u03b7\u03c2. \u0395\u03bd\u03bf\u03b9\u03ba\u03b9\u03ac\u03c3\u03c4\u03b5 \u03b1\u03c5\u03c4\u03bf\u03ba\u03af\u03bd\u03b7\u03c4\u03bf \u03ba\u03b1\u03b9 \u03b5\u03c0\u03b9\u03c3\u03ba\u03b5\u03c6\u03b8\u03b5\u03af\u03c4\u03b5 \u03c4\u03b7\u03bd \u0391\u03b8\u03ae\u03bd\u03b1, \u03c4\u03b7\u03bd \u03b7\u03c0\u03b5\u03b9\u03c1\u03c9\u03c4\u03b9\u03ba\u03ae \u0395\u03bb\u03bb\u03ac\u03b4\u03b1 \u03ba\u03b1\u03b9 \u03c4\u03b1 \u03bd\u03b7\u03c3\u03b9\u03ac","robots":{"index":"index","follow":"follow","max-snippet":"max-snippet:-1","max-image-preview":"max-image-preview:large","max-video-preview":"max-video-preview:-1"},"canonical":"https:\/\/alpha-omegaonline.fr\/el\/","og_locale":"el_GR","og_type":"article","og_title":"Cr\u00e8te, Gr\u00e8ce - Alpha &amp; Omega","og_description":"La Cr\u00e8te et la Gr\u00e8ce. Vacances, tourisme, location de voitures. Carte de Gr\u00e8ce et de Cr\u00e8te. Louer une voiture et visiter Ath\u00e8nes et les \u00eeles","og_url":"https:\/\/alpha-omegaonline.fr\/el\/","og_site_name":"Alpha &amp; Omega","article_publisher":"https:\/\/www.facebook.com\/cretegrece\/","article_modified_time":"2023-07-26T12:56:17+00:00","twitter_card":"summary_large_image","twitter_site":"@grececrete","twitter_misc":{"\u0395\u03ba\u03c4\u03b9\u03bc\u03ce\u03bc\u03b5\u03bd\u03bf\u03c2 \u03c7\u03c1\u03cc\u03bd\u03bf\u03c2 \u03b1\u03bd\u03ac\u03b3\u03bd\u03c9\u03c3\u03b7\u03c2":"1 \u03bb\u03b5\u03c0\u03c4\u03cc"},"schema":{"@context":"https:\/\/schema.org","@graph":[{"@type":"WebPage","@id":"https:\/\/alpha-omegaonline.fr\/","url":"https:\/\/alpha-omegaonline.fr\/","name":"Crete, Greece - Alpha &amp; Omega","isPartOf":{"@id":"https:\/\/alpha-omegaonline.fr\/#website"},"datePublished":"2021-04-20T12:40:14+00:00","dateModified":"2023-07-26T12:56:17+00:00","description":"\u039a\u03c1\u03ae\u03c4\u03b7 \u03ba\u03b1\u03b9 \u0395\u03bb\u03bb\u03ac\u03b4\u03b1. \u0394\u03b9\u03b1\u03ba\u03bf\u03c0\u03ad\u03c2, \u03c4\u03bf\u03c5\u03c1\u03b9\u03c3\u03bc\u03cc\u03c2, \u03b5\u03bd\u03bf\u03b9\u03ba\u03af\u03b1\u03c3\u03b7 \u03b1\u03c5\u03c4\u03bf\u03ba\u03b9\u03bd\u03ae\u03c4\u03c9\u03bd. \u03a7\u03ac\u03c1\u03c4\u03b7\u03c2 \u03c4\u03b7\u03c2 \u0395\u03bb\u03bb\u03ac\u03b4\u03b1\u03c2 \u03ba\u03b1\u03b9 \u03c4\u03b7\u03c2 \u039a\u03c1\u03ae\u03c4\u03b7\u03c2. \u0395\u03bd\u03bf\u03b9\u03ba\u03b9\u03ac\u03c3\u03c4\u03b5 \u03b1\u03c5\u03c4\u03bf\u03ba\u03af\u03bd\u03b7\u03c4\u03bf \u03ba\u03b1\u03b9 \u03b5\u03c0\u03b9\u03c3\u03ba\u03b5\u03c6\u03b8\u03b5\u03af\u03c4\u03b5 \u03c4\u03b7\u03bd \u0391\u03b8\u03ae\u03bd\u03b1, \u03c4\u03b7\u03bd \u03b7\u03c0\u03b5\u03b9\u03c1\u03c9\u03c4\u03b9\u03ba\u03ae \u0395\u03bb\u03bb\u03ac\u03b4\u03b1 \u03ba\u03b1\u03b9 \u03c4\u03b1 \u03bd\u03b7\u03c3\u03b9\u03ac","breadcrumb":{"@id":"https:\/\/alpha-omegaonline.fr\/#breadcrumb"},"inLanguage":"el","potentialAction":[{"@type":"ReadAction","target":["https:\/\/alpha-omegaonline.fr\/"]}]},{"@type":"BreadcrumbList","@id":"https:\/\/alpha-omegaonline.fr\/#breadcrumb","itemListElement":[{"@type":"ListItem","position":1,"name":"Accueil","item":"https:\/\/alpha-omegaonline.fr\/"},{"@type":"ListItem","position":2,"name":"Cr\u00e8te, Gr\u00e8ce"}]},{"@type":"WebSite","@id":"https:\/\/alpha-omegaonline.fr\/#website","url":"https:\/\/alpha-omegaonline.fr\/","name":"Alpha &amp; Omega","description":"\u0394\u03b9\u03b1\u03ba\u03bf\u03c0\u03ad\u03c2 \u03c3\u03c4\u03b7\u03bd \u0395\u03bb\u03bb\u03ac\u03b4\u03b1. \u039a\u03ac\u03bd\u03b5\u03c4\u03b5 \u03c4\u03bf \u03cc\u03bd\u03b5\u03b9\u03c1\u03bf \u03c3\u03b1\u03c2 \u03c0\u03c1\u03b1\u03b3\u03bc\u03b1\u03c4\u03b9\u03ba\u03cc\u03c4\u03b7\u03c4\u03b1 !","publisher":{"@id":"https:\/\/alpha-omegaonline.fr\/#organization"},"potentialAction":[{"@type":"SearchAction","target":{"@type":"EntryPoint","urlTemplate":"https:\/\/alpha-omegaonline.fr\/?s={search_term_string}"},"query-input":"required name=search_term_string"}],"inLanguage":"el"},{"@type":"Organization","@id":"https:\/\/alpha-omegaonline.fr\/#organization","name":"Alpha &amp; Omega","url":"https:\/\/alpha-omegaonline.fr\/","logo":{"@type":"ImageObject","inLanguage":"el","@id":"https:\/\/alpha-omegaonline.fr\/#\/schema\/logo\/image\/","url":"https:\/\/alpha-omegaonline.fr\/wp-content\/uploads\/2023\/07\/cropped-favicon-alpha-omega.bmp","contentUrl":"https:\/\/alpha-omegaonline.fr\/wp-content\/uploads\/2023\/07\/cropped-favicon-alpha-omega.bmp","width":512,"height":512,"caption":"Alpha & Omega"},"image":{"@id":"https:\/\/alpha-omegaonline.fr\/#\/schema\/logo\/image\/"},"sameAs":["https:\/\/www.facebook.com\/cretegrece\/","https:\/\/twitter.com\/grececrete"]}]}},"_links":{"self":[{"href":"https:\/\/alpha-omegaonline.fr\/el\/wp-json\/wp\/v2\/pages\/355"}],"collection":[{"href":"https:\/\/alpha-omegaonline.fr\/el\/wp-json\/wp\/v2\/pages"}],"about":[{"href":"https:\/\/alpha-omegaonline.fr\/el\/wp-json\/wp\/v2\/types\/page"}],"author":[{"embeddable":true,"href":"https:\/\/alpha-omegaonline.fr\/el\/wp-json\/wp\/v2\/users\/1"}],"replies":[{"embeddable":true,"href":"https:\/\/alpha-omegaonline.fr\/el\/wp-json\/wp\/v2\/comments?post=355"}],"version-history":[{"count":0,"href":"https:\/\/alpha-omegaonline.fr\/el\/wp-json\/wp\/v2\/pages\/355\/revisions"}],"wp:attachment":[{"href":"https:\/\/alpha-omegaonline.fr\/el\/wp-json\/wp\/v2\/media?parent=355"}],"curies":[{"name":"wp","href":"https:\/\/api.w.org\/{rel}","templated":true}]}}