{"id":445,"date":"2021-04-20T10:30:02","date_gmt":"2021-04-20T08:30:02","guid":{"rendered":"http:\/\/fitness2.mythemecloud.io\/?page_id=445"},"modified":"2025-05-10T15:27:11","modified_gmt":"2025-05-10T13:27:11","slug":"contact-2","status":"publish","type":"page","link":"https:\/\/alpha-omegaonline.fr\/el\/contact-2\/","title":{"rendered":"\u0395\u03c0\u03b9\u03ba\u03bf\u03b9\u03bd\u03c9\u03bd\u03af\u03b1"},"content":{"rendered":"<div data-elementor-type=\"wp-page\" data-elementor-id=\"445\" class=\"elementor elementor-445\">\n\t\t\t\t\t\t<section class=\"elementor-section elementor-top-section elementor-element elementor-element-18f7144 elementor-section-boxed elementor-section-height-default elementor-section-height-default\" data-id=\"18f7144\" data-element_type=\"section\">\n\t\t\t\t\t\t<div class=\"elementor-container elementor-column-gap-default\">\n\t\t\t\t\t<div class=\"elementor-column elementor-col-100 elementor-top-column elementor-element elementor-element-70ee134\" data-id=\"70ee134\" data-element_type=\"column\">\n\t\t\t<div class=\"elementor-widget-wrap\">\n\t\t\t\t\t\t\t<\/div>\n\t\t<\/div>\n\t\t\t\t\t<\/div>\n\t\t<\/section>\n\t\t\t\t<section class=\"elementor-section elementor-top-section elementor-element elementor-element-00ddd01 elementor-section-boxed elementor-section-height-default elementor-section-height-default\" data-id=\"00ddd01\" data-element_type=\"section\">\n\t\t\t\t\t\t<div class=\"elementor-container elementor-column-gap-default\">\n\t\t\t\t\t<div class=\"elementor-column elementor-col-100 elementor-top-column elementor-element elementor-element-69989d1\" data-id=\"69989d1\" data-element_type=\"column\">\n\t\t\t<div class=\"elementor-widget-wrap elementor-element-populated\">\n\t\t\t\t\t\t<div class=\"elementor-element elementor-element-dff2939 elementor-widget elementor-widget-spacer\" data-id=\"dff2939\" data-element_type=\"widget\" data-widget_type=\"spacer.default\">\n\t\t\t\t<div class=\"elementor-widget-container\">\n\t\t\t\t\t\t\t<div class=\"elementor-spacer\">\n\t\t\t<div class=\"elementor-spacer-inner\"><\/div>\n\t\t<\/div>\n\t\t\t\t\t\t<\/div>\n\t\t\t\t<\/div>\n\t\t\t\t\t<\/div>\n\t\t<\/div>\n\t\t\t\t\t<\/div>\n\t\t<\/section>\n\t\t\t\t<section class=\"elementor-section elementor-top-section elementor-element elementor-element-9f71e0b elementor-section-boxed elementor-section-height-default elementor-section-height-default\" data-id=\"9f71e0b\" data-element_type=\"section\">\n\t\t\t\t\t\t<div class=\"elementor-container elementor-column-gap-default\">\n\t\t\t\t\t<div class=\"elementor-column elementor-col-100 elementor-top-column elementor-element elementor-element-57414e3\" data-id=\"57414e3\" data-element_type=\"column\">\n\t\t\t<div class=\"elementor-widget-wrap elementor-element-populated\">\n\t\t\t\t\t\t<div class=\"elementor-element elementor-element-74573ff elementor-widget elementor-widget-heading\" data-id=\"74573ff\" data-element_type=\"widget\" data-widget_type=\"heading.default\">\n\t\t\t\t<div class=\"elementor-widget-container\">\n\t\t\t\t\t<h2 class=\"elementor-heading-title elementor-size-default\">\u03a6\u03cc\u03c1\u03bc\u03b1 \u03b5\u03c0\u03b9\u03ba\u03bf\u03b9\u03bd\u03c9\u03bd\u03af\u03b1\u03c2<\/h2>\t\t\t\t<\/div>\n\t\t\t\t<\/div>\n\t\t\t\t\t<\/div>\n\t\t<\/div>\n\t\t\t\t\t<\/div>\n\t\t<\/section>\n\t\t\t\t<section class=\"elementor-section elementor-top-section elementor-element elementor-element-bcc3bc2 elementor-section-height-full elementor-section-items-top elementor-section-boxed elementor-section-height-default\" data-id=\"bcc3bc2\" data-element_type=\"section\">\n\t\t\t\t\t\t<div class=\"elementor-container elementor-column-gap-default\">\n\t\t\t\t\t<div class=\"elementor-column elementor-col-100 elementor-top-column elementor-element elementor-element-2fd4e1d\" data-id=\"2fd4e1d\" data-element_type=\"column\">\n\t\t\t<div class=\"elementor-widget-wrap\">\n\t\t\t\t\t\t\t<\/div>\n\t\t<\/div>\n\t\t\t\t\t<\/div>\n\t\t<\/section>\n\t\t\t\t<\/div>","protected":false},"excerpt":{"rendered":"<p>\u03a6\u03cc\u03c1\u03bc\u03b1 \u03b5\u03c0\u03b9\u03ba\u03bf\u03b9\u03bd\u03c9\u03bd\u03af\u03b1\u03c2<\/p>","protected":false},"author":1,"featured_media":0,"parent":0,"menu_order":0,"comment_status":"closed","ping_status":"closed","template":"","meta":{"ocean_post_layout":"full-width","ocean_both_sidebars_style":"","ocean_both_sidebars_content_width":0,"ocean_both_sidebars_sidebars_width":0,"ocean_sidebar":"0","ocean_second_sidebar":"0","ocean_disable_margins":"on","ocean_add_body_class":"","ocean_shortcode_before_top_bar":"","ocean_shortcode_after_top_bar":"","ocean_shortcode_before_header":"","ocean_shortcode_after_header":"","ocean_has_shortcode":"","ocean_shortcode_after_title":"","ocean_shortcode_before_footer_widgets":"","ocean_shortcode_after_footer_widgets":"","ocean_shortcode_before_footer_bottom":"","ocean_shortcode_after_footer_bottom":"","ocean_display_top_bar":"default","ocean_display_header":"default","ocean_header_style":"","ocean_center_header_left_menu":"0","ocean_custom_header_template":"0","ocean_custom_logo":0,"ocean_custom_retina_logo":0,"ocean_custom_logo_max_width":0,"ocean_custom_logo_tablet_max_width":0,"ocean_custom_logo_mobile_max_width":0,"ocean_custom_logo_max_height":0,"ocean_custom_logo_tablet_max_height":0,"ocean_custom_logo_mobile_max_height":0,"ocean_header_custom_menu":"9","ocean_menu_typo_font_family":"0","ocean_menu_typo_font_subset":"","ocean_menu_typo_font_size":0,"ocean_menu_typo_font_size_tablet":0,"ocean_menu_typo_font_size_mobile":0,"ocean_menu_typo_font_size_unit":"px","ocean_menu_typo_font_weight":"","ocean_menu_typo_font_weight_tablet":"","ocean_menu_typo_font_weight_mobile":"","ocean_menu_typo_transform":"","ocean_menu_typo_transform_tablet":"","ocean_menu_typo_transform_mobile":"","ocean_menu_typo_line_height":0,"ocean_menu_typo_line_height_tablet":0,"ocean_menu_typo_line_height_mobile":0,"ocean_menu_typo_line_height_unit":"","ocean_menu_typo_spacing":0,"ocean_menu_typo_spacing_tablet":0,"ocean_menu_typo_spacing_mobile":0,"ocean_menu_typo_spacing_unit":"","ocean_menu_link_color":"","ocean_menu_link_color_hover":"","ocean_menu_link_color_active":"","ocean_menu_link_background":"","ocean_menu_link_hover_background":"","ocean_menu_link_active_background":"","ocean_menu_social_links_bg":"","ocean_menu_social_hover_links_bg":"","ocean_menu_social_links_color":"","ocean_menu_social_hover_links_color":"","ocean_disable_title":"on","ocean_disable_heading":"default","ocean_post_title":"","ocean_post_subheading":"","ocean_post_title_style":"","ocean_post_title_background_color":"","ocean_post_title_background":0,"ocean_post_title_bg_image_position":"","ocean_post_title_bg_image_attachment":"","ocean_post_title_bg_image_repeat":"","ocean_post_title_bg_image_size":"","ocean_post_title_height":0,"ocean_post_title_bg_overlay":0.5,"ocean_post_title_bg_overlay_color":"","ocean_disable_breadcrumbs":"off","ocean_breadcrumbs_color":"","ocean_breadcrumbs_separator_color":"","ocean_breadcrumbs_links_color":"","ocean_breadcrumbs_links_hover_color":"","ocean_display_footer_widgets":"on","ocean_display_footer_bottom":"off","ocean_custom_footer_template":"0","footnotes":""},"yoast_head":"<!-- This site is optimized with the Yoast SEO plugin v22.3 - https:\/\/yoast.com\/wordpress\/plugins\/seo\/ -->\n<title>Contact - Alpha &amp; Omega<\/title>\n<meta name=\"robots\" content=\"index, follow, max-snippet:-1, max-image-preview:large, max-video-preview:-1\" \/>\n<link rel=\"canonical\" href=\"https:\/\/alpha-omegaonline.fr\/el\/contact-2\/\" \/>\n<meta property=\"og:locale\" content=\"el_GR\" \/>\n<meta property=\"og:type\" content=\"article\" \/>\n<meta property=\"og:title\" content=\"Contact - Alpha &amp; Omega\" \/>\n<meta property=\"og:description\" content=\"Formulaire de contact\" \/>\n<meta property=\"og:url\" content=\"https:\/\/alpha-omegaonline.fr\/el\/contact-2\/\" \/>\n<meta property=\"og:site_name\" content=\"Alpha &amp; Omega\" \/>\n<meta property=\"article:publisher\" content=\"https:\/\/www.facebook.com\/cretegrece\/\" \/>\n<meta property=\"article:modified_time\" content=\"2025-05-10T13:27:11+00:00\" \/>\n<meta name=\"twitter:card\" content=\"summary_large_image\" \/>\n<meta name=\"twitter:site\" content=\"@grececrete\" \/>\n<meta name=\"twitter:label1\" content=\"\u0395\u03ba\u03c4\u03b9\u03bc\u03ce\u03bc\u03b5\u03bd\u03bf\u03c2 \u03c7\u03c1\u03cc\u03bd\u03bf\u03c2 \u03b1\u03bd\u03ac\u03b3\u03bd\u03c9\u03c3\u03b7\u03c2\" \/>\n\t<meta name=\"twitter:data1\" content=\"1 \u03bb\u03b5\u03c0\u03c4\u03cc\" \/>\n<script type=\"application\/ld+json\" class=\"yoast-schema-graph\">{\"@context\":\"https:\/\/schema.org\",\"@graph\":[{\"@type\":\"WebPage\",\"@id\":\"https:\/\/alpha-omegaonline.fr\/contact-2\/\",\"url\":\"https:\/\/alpha-omegaonline.fr\/contact-2\/\",\"name\":\"Contact - Alpha &amp; Omega\",\"isPartOf\":{\"@id\":\"https:\/\/alpha-omegaonline.fr\/#website\"},\"datePublished\":\"2021-04-20T08:30:02+00:00\",\"dateModified\":\"2025-05-10T13:27:11+00:00\",\"breadcrumb\":{\"@id\":\"https:\/\/alpha-omegaonline.fr\/contact-2\/#breadcrumb\"},\"inLanguage\":\"el\",\"potentialAction\":[{\"@type\":\"ReadAction\",\"target\":[\"https:\/\/alpha-omegaonline.fr\/contact-2\/\"]}]},{\"@type\":\"BreadcrumbList\",\"@id\":\"https:\/\/alpha-omegaonline.fr\/contact-2\/#breadcrumb\",\"itemListElement\":[{\"@type\":\"ListItem\",\"position\":1,\"name\":\"Accueil\",\"item\":\"https:\/\/alpha-omegaonline.fr\/\"},{\"@type\":\"ListItem\",\"position\":2,\"name\":\"Contact\"}]},{\"@type\":\"WebSite\",\"@id\":\"https:\/\/alpha-omegaonline.fr\/#website\",\"url\":\"https:\/\/alpha-omegaonline.fr\/\",\"name\":\"Alpha &amp; Omega\",\"description\":\"Locations en Cr\u00e8te et Gr\u00e8ce. R\u00e9alisez votre r\u00eave !\",\"publisher\":{\"@id\":\"https:\/\/alpha-omegaonline.fr\/#organization\"},\"potentialAction\":[{\"@type\":\"SearchAction\",\"target\":{\"@type\":\"EntryPoint\",\"urlTemplate\":\"https:\/\/alpha-omegaonline.fr\/?s={search_term_string}\"},\"query-input\":\"required name=search_term_string\"}],\"inLanguage\":\"el\"},{\"@type\":\"Organization\",\"@id\":\"https:\/\/alpha-omegaonline.fr\/#organization\",\"name\":\"Alpha & Omega\",\"url\":\"https:\/\/alpha-omegaonline.fr\/\",\"logo\":{\"@type\":\"ImageObject\",\"inLanguage\":\"el\",\"@id\":\"https:\/\/alpha-omegaonline.fr\/#\/schema\/logo\/image\/\",\"url\":\"https:\/\/alpha-omegaonline.fr\/wp-content\/uploads\/2023\/07\/cropped-favicon-alpha-omega.bmp\",\"contentUrl\":\"https:\/\/alpha-omegaonline.fr\/wp-content\/uploads\/2023\/07\/cropped-favicon-alpha-omega.bmp\",\"width\":512,\"height\":512,\"caption\":\"Alpha & Omega\"},\"image\":{\"@id\":\"https:\/\/alpha-omegaonline.fr\/#\/schema\/logo\/image\/\"},\"sameAs\":[\"https:\/\/www.facebook.com\/cretegrece\/\",\"https:\/\/twitter.com\/grececrete\"]}]}<\/script>\n<!-- \/ Yoast SEO plugin. -->","yoast_head_json":{"title":"Contact - Alpha &amp; Omega","robots":{"index":"index","follow":"follow","max-snippet":"max-snippet:-1","max-image-preview":"max-image-preview:large","max-video-preview":"max-video-preview:-1"},"canonical":"https:\/\/alpha-omegaonline.fr\/el\/contact-2\/","og_locale":"el_GR","og_type":"article","og_title":"Contact - Alpha &amp; Omega","og_description":"Formulaire de contact","og_url":"https:\/\/alpha-omegaonline.fr\/el\/contact-2\/","og_site_name":"Alpha &amp; Omega","article_publisher":"https:\/\/www.facebook.com\/cretegrece\/","article_modified_time":"2025-05-10T13:27:11+00:00","twitter_card":"summary_large_image","twitter_site":"@grececrete","twitter_misc":{"\u0395\u03ba\u03c4\u03b9\u03bc\u03ce\u03bc\u03b5\u03bd\u03bf\u03c2 \u03c7\u03c1\u03cc\u03bd\u03bf\u03c2 \u03b1\u03bd\u03ac\u03b3\u03bd\u03c9\u03c3\u03b7\u03c2":"1 \u03bb\u03b5\u03c0\u03c4\u03cc"},"schema":{"@context":"https:\/\/schema.org","@graph":[{"@type":"WebPage","@id":"https:\/\/alpha-omegaonline.fr\/contact-2\/","url":"https:\/\/alpha-omegaonline.fr\/contact-2\/","name":"Contact - Alpha &amp; Omega","isPartOf":{"@id":"https:\/\/alpha-omegaonline.fr\/#website"},"datePublished":"2021-04-20T08:30:02+00:00","dateModified":"2025-05-10T13:27:11+00:00","breadcrumb":{"@id":"https:\/\/alpha-omegaonline.fr\/contact-2\/#breadcrumb"},"inLanguage":"el","potentialAction":[{"@type":"ReadAction","target":["https:\/\/alpha-omegaonline.fr\/contact-2\/"]}]},{"@type":"BreadcrumbList","@id":"https:\/\/alpha-omegaonline.fr\/contact-2\/#breadcrumb","itemListElement":[{"@type":"ListItem","position":1,"name":"Accueil","item":"https:\/\/alpha-omegaonline.fr\/"},{"@type":"ListItem","position":2,"name":"Contact"}]},{"@type":"WebSite","@id":"https:\/\/alpha-omegaonline.fr\/#website","url":"https:\/\/alpha-omegaonline.fr\/","name":"Alpha &amp; Omega","description":"\u0394\u03b9\u03b1\u03ba\u03bf\u03c0\u03ad\u03c2 \u03c3\u03c4\u03b7\u03bd \u0395\u03bb\u03bb\u03ac\u03b4\u03b1. \u039a\u03ac\u03bd\u03b5\u03c4\u03b5 \u03c4\u03bf \u03cc\u03bd\u03b5\u03b9\u03c1\u03bf \u03c3\u03b1\u03c2 \u03c0\u03c1\u03b1\u03b3\u03bc\u03b1\u03c4\u03b9\u03ba\u03cc\u03c4\u03b7\u03c4\u03b1 !","publisher":{"@id":"https:\/\/alpha-omegaonline.fr\/#organization"},"potentialAction":[{"@type":"SearchAction","target":{"@type":"EntryPoint","urlTemplate":"https:\/\/alpha-omegaonline.fr\/?s={search_term_string}"},"query-input":"required name=search_term_string"}],"inLanguage":"el"},{"@type":"Organization","@id":"https:\/\/alpha-omegaonline.fr\/#organization","name":"Alpha &amp; Omega","url":"https:\/\/alpha-omegaonline.fr\/","logo":{"@type":"ImageObject","inLanguage":"el","@id":"https:\/\/alpha-omegaonline.fr\/#\/schema\/logo\/image\/","url":"https:\/\/alpha-omegaonline.fr\/wp-content\/uploads\/2023\/07\/cropped-favicon-alpha-omega.bmp","contentUrl":"https:\/\/alpha-omegaonline.fr\/wp-content\/uploads\/2023\/07\/cropped-favicon-alpha-omega.bmp","width":512,"height":512,"caption":"Alpha & Omega"},"image":{"@id":"https:\/\/alpha-omegaonline.fr\/#\/schema\/logo\/image\/"},"sameAs":["https:\/\/www.facebook.com\/cretegrece\/","https:\/\/twitter.com\/grececrete"]}]}},"_links":{"self":[{"href":"https:\/\/alpha-omegaonline.fr\/el\/wp-json\/wp\/v2\/pages\/445"}],"collection":[{"href":"https:\/\/alpha-omegaonline.fr\/el\/wp-json\/wp\/v2\/pages"}],"about":[{"href":"https:\/\/alpha-omegaonline.fr\/el\/wp-json\/wp\/v2\/types\/page"}],"author":[{"embeddable":true,"href":"https:\/\/alpha-omegaonline.fr\/el\/wp-json\/wp\/v2\/users\/1"}],"replies":[{"embeddable":true,"href":"https:\/\/alpha-omegaonline.fr\/el\/wp-json\/wp\/v2\/comments?post=445"}],"version-history":[{"count":54,"href":"https:\/\/alpha-omegaonline.fr\/el\/wp-json\/wp\/v2\/pages\/445\/revisions"}],"predecessor-version":[{"id":34580,"href":"https:\/\/alpha-omegaonline.fr\/el\/wp-json\/wp\/v2\/pages\/445\/revisions\/34580"}],"wp:attachment":[{"href":"https:\/\/alpha-omegaonline.fr\/el\/wp-json\/wp\/v2\/media?parent=445"}],"curies":[{"name":"wp","href":"https:\/\/api.w.org\/{rel}","templated":true}]}}